{"id":8,"date":"2018-06-04T21:42:08","date_gmt":"2018-06-04T21:42:08","guid":{"rendered":"http:\/\/tallermotorten.es\/?page_id=8"},"modified":"2019-06-27T15:00:19","modified_gmt":"2019-06-27T15:00:19","slug":"servicios","status":"publish","type":"page","link":"https:\/\/tallermotorten.es\/index.php\/servicios\/","title":{"rendered":"Servicios"},"content":{"rendered":"\t\t<div data-elementor-type=\"wp-post\" data-elementor-id=\"8\" class=\"elementor elementor-8\" data-elementor-settings=\"[]\">\n\t\t\t\t\t\t<div class=\"elementor-inner\">\n\t\t\t\t\t\t\t<div class=\"elementor-section-wrap\">\n\t\t\t\t\t\t\t<section class=\"elementor-section elementor-top-section elementor-element elementor-element-b2cd6a4 elementor-section-boxed elementor-section-height-default elementor-section-height-default\" data-id=\"b2cd6a4\" data-element_type=\"section\">\n\t\t\t\t\t\t<div class=\"elementor-container elementor-column-gap-default\">\n\t\t\t\t\t\t\t<div class=\"elementor-row\">\n\t\t\t\t\t<div class=\"elementor-column elementor-col-100 elementor-top-column elementor-element elementor-element-10a4703\" data-id=\"10a4703\" data-element_type=\"column\">\n\t\t\t<div class=\"elementor-column-wrap elementor-element-populated\">\n\t\t\t\t\t\t\t<div class=\"elementor-widget-wrap\">\n\t\t\t\t\t\t<div class=\"elementor-element elementor-element-17ef5d6 elementor-widget elementor-widget-heading\" data-id=\"17ef5d6\" data-element_type=\"widget\" data-widget_type=\"heading.default\">\n\t\t\t\t<div class=\"elementor-widget-container\">\n\t\t\t<h2 class=\"elementor-heading-title elementor-size-default\">Servicios<\/h2>\t\t<\/div>\n\t\t\t\t<\/div>\n\t\t\t\t\t\t<\/div>\n\t\t\t\t\t<\/div>\n\t\t<\/div>\n\t\t\t\t\t\t\t\t<\/div>\n\t\t\t\t\t<\/div>\n\t\t<\/section>\n\t\t\t\t<section class=\"elementor-section elementor-top-section elementor-element elementor-element-79a591d6 elementor-section-boxed elementor-section-height-default elementor-section-height-default\" data-id=\"79a591d6\" data-element_type=\"section\">\n\t\t\t\t\t\t<div class=\"elementor-container elementor-column-gap-default\">\n\t\t\t\t\t\t\t<div class=\"elementor-row\">\n\t\t\t\t\t<div class=\"elementor-column elementor-col-50 elementor-top-column elementor-element elementor-element-2ac226b3\" data-id=\"2ac226b3\" data-element_type=\"column\">\n\t\t\t<div class=\"elementor-column-wrap elementor-element-populated\">\n\t\t\t\t\t\t\t<div class=\"elementor-widget-wrap\">\n\t\t\t\t\t\t<div class=\"elementor-element elementor-element-32465ab2 elementor-widget elementor-widget-text-editor\" data-id=\"32465ab2\" data-element_type=\"widget\" data-widget_type=\"text-editor.default\">\n\t\t\t\t<div class=\"elementor-widget-container\">\n\t\t\t\t\t<div class=\"elementor-text-editor elementor-clearfix\"><h4><span style=\"color: #000000;\">En Motorten ofrecemos los siguientes servicios con la m\u00e1xima profesionalidad.<\/span><\/h4><ul><li><span style=\"color: #000000;\">Revisiones, mantenimiento y PreITV<\/span><\/li><li><span style=\"color: #000000;\">Mantenimiento del veh\u00edculo<\/span><\/li><li><span style=\"color: #000000;\">Electricidad del veh\u00edculo<\/span><\/li><li><span style=\"color: #000000;\">Mec\u00e1nica General<\/span><\/li><\/ul><p><span style=\"color: #000000;\">No dude en pedir presupuesto a trav\u00e9s de cualquiera de nuestras v\u00edas de<\/span> <a href=\"http:\/\/tallermotorten.es\/index.php\/contacto\/\">contacto<\/a>.<\/p><\/div>\n\t\t\t\t<\/div>\n\t\t\t\t<\/div>\n\t\t\t\t\t\t<\/div>\n\t\t\t\t\t<\/div>\n\t\t<\/div>\n\t\t\t\t<div class=\"elementor-column elementor-col-50 elementor-top-column elementor-element elementor-element-99f95e6\" data-id=\"99f95e6\" data-element_type=\"column\">\n\t\t\t<div class=\"elementor-column-wrap elementor-element-populated\">\n\t\t\t\t\t\t\t<div class=\"elementor-widget-wrap\">\n\t\t\t\t\t\t<div class=\"elementor-element elementor-element-6625525 elementor-widget elementor-widget-image\" data-id=\"6625525\" data-element_type=\"widget\" data-widget_type=\"image.default\">\n\t\t\t\t<div class=\"elementor-widget-container\">\n\t\t\t\t\t<div class=\"elementor-image\">\n\t\t\t\t\t\t\t\t\t\t<img width=\"300\" height=\"225\" src=\"https:\/\/tallermotorten.es\/wp-content\/uploads\/2018\/09\/Serv01-300x225.jpg\" class=\"attachment-medium size-medium\" alt=\"Mec\u00e1nica General\" loading=\"lazy\" srcset=\"https:\/\/tallermotorten.es\/wp-content\/uploads\/2018\/09\/Serv01-300x225.jpg 300w, https:\/\/tallermotorten.es\/wp-content\/uploads\/2018\/09\/Serv01.jpg 400w\" sizes=\"(max-width: 300px) 100vw, 300px\" \/>\t\t\t\t\t\t\t\t\t\t\t<\/div>\n\t\t\t\t<\/div>\n\t\t\t\t<\/div>\n\t\t\t\t\t\t<\/div>\n\t\t\t\t\t<\/div>\n\t\t<\/div>\n\t\t\t\t\t\t\t\t<\/div>\n\t\t\t\t\t<\/div>\n\t\t<\/section>\n\t\t\t\t<section class=\"elementor-section elementor-top-section elementor-element elementor-element-b5cdcdf elementor-section-boxed elementor-section-height-default elementor-section-height-default\" data-id=\"b5cdcdf\" data-element_type=\"section\">\n\t\t\t\t\t\t<div class=\"elementor-container elementor-column-gap-default\">\n\t\t\t\t\t\t\t<div class=\"elementor-row\">\n\t\t\t\t\t<div class=\"elementor-column elementor-col-100 elementor-top-column elementor-element elementor-element-691c3f2\" data-id=\"691c3f2\" data-element_type=\"column\">\n\t\t\t<div class=\"elementor-column-wrap\">\n\t\t\t\t\t\t\t<div class=\"elementor-widget-wrap\">\n\t\t\t\t\t\t\t\t<\/div>\n\t\t\t\t\t<\/div>\n\t\t<\/div>\n\t\t\t\t\t\t\t\t<\/div>\n\t\t\t\t\t<\/div>\n\t\t<\/section>\n\t\t\t\t<section class=\"elementor-section elementor-top-section elementor-element elementor-element-6875236 elementor-section-boxed elementor-section-height-default elementor-section-height-default\" data-id=\"6875236\" data-element_type=\"section\">\n\t\t\t\t\t\t<div class=\"elementor-container elementor-column-gap-default\">\n\t\t\t\t\t\t\t<div class=\"elementor-row\">\n\t\t\t\t\t<div class=\"elementor-column elementor-col-100 elementor-top-column elementor-element elementor-element-2a737be\" data-id=\"2a737be\" data-element_type=\"column\">\n\t\t\t<div class=\"elementor-column-wrap elementor-element-populated\">\n\t\t\t\t\t\t\t<div class=\"elementor-widget-wrap\">\n\t\t\t\t\t\t<div class=\"elementor-element elementor-element-f08a716 elementor-widget elementor-widget-text-editor\" data-id=\"f08a716\" data-element_type=\"widget\" data-widget_type=\"text-editor.default\">\n\t\t\t\t<div class=\"elementor-widget-container\">\n\t\t\t\t\t<div class=\"elementor-text-editor elementor-clearfix\"><h4><span style=\"color: #000000;\">Somos taller instalador autorizado de AUTOGAS GLP, con el que puede obtener un beneficio considerable en combustible:<\/span><\/h4><\/div>\n\t\t\t\t<\/div>\n\t\t\t\t<\/div>\n\t\t\t\t\t\t<\/div>\n\t\t\t\t\t<\/div>\n\t\t<\/div>\n\t\t\t\t\t\t\t\t<\/div>\n\t\t\t\t\t<\/div>\n\t\t<\/section>\n\t\t\t\t<section class=\"elementor-section elementor-top-section elementor-element elementor-element-275e7d7 elementor-section-boxed elementor-section-height-default elementor-section-height-default\" data-id=\"275e7d7\" data-element_type=\"section\">\n\t\t\t\t\t\t<div class=\"elementor-container elementor-column-gap-default\">\n\t\t\t\t\t\t\t<div class=\"elementor-row\">\n\t\t\t\t\t<div class=\"elementor-column elementor-col-100 elementor-top-column elementor-element elementor-element-c94c70b\" data-id=\"c94c70b\" data-element_type=\"column\">\n\t\t\t<div class=\"elementor-column-wrap elementor-element-populated\">\n\t\t\t\t\t\t\t<div class=\"elementor-widget-wrap\">\n\t\t\t\t\t\t<div class=\"elementor-element elementor-element-7001bd3 elementor-widget elementor-widget-image\" data-id=\"7001bd3\" data-element_type=\"widget\" data-widget_type=\"image.default\">\n\t\t\t\t<div class=\"elementor-widget-container\">\n\t\t\t\t\t<div class=\"elementor-image\">\n\t\t\t\t\t\t\t\t\t\t<img width=\"768\" height=\"543\" src=\"https:\/\/tallermotorten.es\/wp-content\/uploads\/2018\/05\/motortenGLPFinal-768x543.jpg\" class=\"attachment-medium_large size-medium_large\" alt=\"\" loading=\"lazy\" srcset=\"https:\/\/tallermotorten.es\/wp-content\/uploads\/2018\/05\/motortenGLPFinal-768x543.jpg 768w, https:\/\/tallermotorten.es\/wp-content\/uploads\/2018\/05\/motortenGLPFinal-300x212.jpg 300w, https:\/\/tallermotorten.es\/wp-content\/uploads\/2018\/05\/motortenGLPFinal-1024x724.jpg 1024w, https:\/\/tallermotorten.es\/wp-content\/uploads\/2018\/05\/motortenGLPFinal-500x353.jpg 500w, https:\/\/tallermotorten.es\/wp-content\/uploads\/2018\/05\/motortenGLPFinal-800x566.jpg 800w, https:\/\/tallermotorten.es\/wp-content\/uploads\/2018\/05\/motortenGLPFinal-1280x905.jpg 1280w, https:\/\/tallermotorten.es\/wp-content\/uploads\/2018\/05\/motortenGLPFinal.jpg 1488w\" sizes=\"(max-width: 768px) 100vw, 768px\" \/>\t\t\t\t\t\t\t\t\t\t\t<\/div>\n\t\t\t\t<\/div>\n\t\t\t\t<\/div>\n\t\t\t\t\t\t<\/div>\n\t\t\t\t\t<\/div>\n\t\t<\/div>\n\t\t\t\t\t\t\t\t<\/div>\n\t\t\t\t\t<\/div>\n\t\t<\/section>\n\t\t\t\t<section class=\"elementor-section elementor-top-section elementor-element elementor-element-9753a8a elementor-section-boxed elementor-section-height-default elementor-section-height-default\" data-id=\"9753a8a\" data-element_type=\"section\">\n\t\t\t\t\t\t<div class=\"elementor-container elementor-column-gap-default\">\n\t\t\t\t\t\t\t<div class=\"elementor-row\">\n\t\t\t\t\t<div class=\"elementor-column elementor-col-100 elementor-top-column elementor-element elementor-element-87c362b\" data-id=\"87c362b\" data-element_type=\"column\">\n\t\t\t<div class=\"elementor-column-wrap elementor-element-populated\">\n\t\t\t\t\t\t\t<div class=\"elementor-widget-wrap\">\n\t\t\t\t\t\t<div class=\"elementor-element elementor-element-08b0e23 elementor-widget-divider--view-line elementor-widget elementor-widget-divider\" data-id=\"08b0e23\" data-element_type=\"widget\" data-widget_type=\"divider.default\">\n\t\t\t\t<div class=\"elementor-widget-container\">\n\t\t\t\t\t<div class=\"elementor-divider\">\n\t\t\t<span class=\"elementor-divider-separator\">\n\t\t\t\t\t\t<\/span>\n\t\t<\/div>\n\t\t\t\t<\/div>\n\t\t\t\t<\/div>\n\t\t\t\t\t\t<\/div>\n\t\t\t\t\t<\/div>\n\t\t<\/div>\n\t\t\t\t\t\t\t\t<\/div>\n\t\t\t\t\t<\/div>\n\t\t<\/section>\n\t\t\t\t<section class=\"elementor-section elementor-top-section elementor-element elementor-element-a81c0ca elementor-section-boxed elementor-section-height-default elementor-section-height-default\" data-id=\"a81c0ca\" data-element_type=\"section\">\n\t\t\t\t\t\t<div class=\"elementor-container elementor-column-gap-default\">\n\t\t\t\t\t\t\t<div class=\"elementor-row\">\n\t\t\t\t\t<div class=\"elementor-column elementor-col-100 elementor-top-column elementor-element elementor-element-f59d36d\" data-id=\"f59d36d\" data-element_type=\"column\">\n\t\t\t<div class=\"elementor-column-wrap elementor-element-populated\">\n\t\t\t\t\t\t\t<div class=\"elementor-widget-wrap\">\n\t\t\t\t\t\t<div class=\"elementor-element elementor-element-f4d0e55 elementor-widget elementor-widget-text-editor\" data-id=\"f4d0e55\" data-element_type=\"widget\" data-widget_type=\"text-editor.default\">\n\t\t\t\t<div class=\"elementor-widget-container\">\n\t\t\t\t\t<div class=\"elementor-text-editor elementor-clearfix\"><p>Acceda a nuestro formulario de contacto<\/p><\/div>\n\t\t\t\t<\/div>\n\t\t\t\t<\/div>\n\t\t\t\t\t\t<\/div>\n\t\t\t\t\t<\/div>\n\t\t<\/div>\n\t\t\t\t\t\t\t\t<\/div>\n\t\t\t\t\t<\/div>\n\t\t<\/section>\n\t\t\t\t\t\t<\/div>\n\t\t\t\t\t\t<\/div>\n\t\t\t\t\t<\/div>\n\t\t","protected":false},"excerpt":{"rendered":"<p>Servicios En Motorten ofrecemos los siguientes servicios con la m\u00e1xima profesionalidad. Revisiones, mantenimiento y PreITV Mantenimiento del veh\u00edculo Electricidad del veh\u00edculo Mec\u00e1nica General No dude en pedir presupuesto a trav\u00e9s de cualquiera de nuestras v\u00edas de contacto. Somos taller instalador autorizado de AUTOGAS GLP, con el que puede obtener un beneficio considerable en combustible: Acceda <a href=\"https:\/\/tallermotorten.es\/index.php\/servicios\/\" class=\"more-link\">&#8230;<\/a><\/p>\n","protected":false},"author":1,"featured_media":0,"parent":0,"menu_order":0,"comment_status":"closed","ping_status":"closed","template":"","meta":[],"yoast_head":"<!-- This site is optimized with the Yoast SEO plugin v18.4.1 - https:\/\/yoast.com\/wordpress\/plugins\/seo\/ -->\n<title>Servicios - Taller MotorTen<\/title>\n<meta name=\"robots\" content=\"index, follow, max-snippet:-1, max-image-preview:large, max-video-preview:-1\" \/>\n<link rel=\"canonical\" href=\"https:\/\/tallermotorten.es\/index.php\/servicios\/\" \/>\n<meta property=\"og:locale\" content=\"en_US\" \/>\n<meta property=\"og:type\" content=\"article\" \/>\n<meta property=\"og:title\" content=\"Servicios - Taller MotorTen\" \/>\n<meta property=\"og:description\" content=\"Servicios En Motorten ofrecemos los siguientes servicios con la m\u00e1xima profesionalidad. Revisiones, mantenimiento y PreITV Mantenimiento del veh\u00edculo Electricidad del veh\u00edculo Mec\u00e1nica General No dude en pedir presupuesto a trav\u00e9s de cualquiera de nuestras v\u00edas de contacto. Somos taller instalador autorizado de AUTOGAS GLP, con el que puede obtener un beneficio considerable en combustible: Acceda ...\" \/>\n<meta property=\"og:url\" content=\"https:\/\/tallermotorten.es\/index.php\/servicios\/\" \/>\n<meta property=\"og:site_name\" content=\"Taller MotorTen\" \/>\n<meta property=\"article:publisher\" content=\"https:\/\/www.facebook.com\/tallermotorten\/\" \/>\n<meta property=\"article:modified_time\" content=\"2019-06-27T15:00:19+00:00\" \/>\n<meta property=\"og:image\" content=\"http:\/\/tallermotorten.es\/wp-content\/uploads\/2018\/09\/Serv01-300x225.jpg\" \/>\n<meta name=\"twitter:card\" content=\"summary_large_image\" \/>\n<script type=\"application\/ld+json\" class=\"yoast-schema-graph\">{\"@context\":\"https:\/\/schema.org\",\"@graph\":[{\"@type\":\"WebSite\",\"@id\":\"https:\/\/tallermotorten.es\/#website\",\"url\":\"https:\/\/tallermotorten.es\/\",\"name\":\"Taller MotorTen\",\"description\":\"Taller Mec\u00e1nico para su veh\u00edculo\",\"potentialAction\":[{\"@type\":\"SearchAction\",\"target\":{\"@type\":\"EntryPoint\",\"urlTemplate\":\"https:\/\/tallermotorten.es\/?s={search_term_string}\"},\"query-input\":\"required name=search_term_string\"}],\"inLanguage\":\"en-US\"},{\"@type\":\"ImageObject\",\"@id\":\"https:\/\/tallermotorten.es\/index.php\/servicios\/#primaryimage\",\"inLanguage\":\"en-US\",\"url\":\"http:\/\/tallermotorten.es\/wp-content\/uploads\/2018\/09\/Serv01-300x225.jpg\",\"contentUrl\":\"http:\/\/tallermotorten.es\/wp-content\/uploads\/2018\/09\/Serv01-300x225.jpg\"},{\"@type\":\"WebPage\",\"@id\":\"https:\/\/tallermotorten.es\/index.php\/servicios\/#webpage\",\"url\":\"https:\/\/tallermotorten.es\/index.php\/servicios\/\",\"name\":\"Servicios - Taller MotorTen\",\"isPartOf\":{\"@id\":\"https:\/\/tallermotorten.es\/#website\"},\"primaryImageOfPage\":{\"@id\":\"https:\/\/tallermotorten.es\/index.php\/servicios\/#primaryimage\"},\"datePublished\":\"2018-06-04T21:42:08+00:00\",\"dateModified\":\"2019-06-27T15:00:19+00:00\",\"breadcrumb\":{\"@id\":\"https:\/\/tallermotorten.es\/index.php\/servicios\/#breadcrumb\"},\"inLanguage\":\"en-US\",\"potentialAction\":[{\"@type\":\"ReadAction\",\"target\":[\"https:\/\/tallermotorten.es\/index.php\/servicios\/\"]}]},{\"@type\":\"BreadcrumbList\",\"@id\":\"https:\/\/tallermotorten.es\/index.php\/servicios\/#breadcrumb\",\"itemListElement\":[{\"@type\":\"ListItem\",\"position\":1,\"name\":\"Portada\",\"item\":\"https:\/\/tallermotorten.es\/\"},{\"@type\":\"ListItem\",\"position\":2,\"name\":\"Servicios\"}]}]}<\/script>\n<!-- \/ Yoast SEO plugin. -->","yoast_head_json":{"title":"Servicios - Taller MotorTen","robots":{"index":"index","follow":"follow","max-snippet":"max-snippet:-1","max-image-preview":"max-image-preview:large","max-video-preview":"max-video-preview:-1"},"canonical":"https:\/\/tallermotorten.es\/index.php\/servicios\/","og_locale":"en_US","og_type":"article","og_title":"Servicios - Taller MotorTen","og_description":"Servicios En Motorten ofrecemos los siguientes servicios con la m\u00e1xima profesionalidad. Revisiones, mantenimiento y PreITV Mantenimiento del veh\u00edculo Electricidad del veh\u00edculo Mec\u00e1nica General No dude en pedir presupuesto a trav\u00e9s de cualquiera de nuestras v\u00edas de contacto. Somos taller instalador autorizado de AUTOGAS GLP, con el que puede obtener un beneficio considerable en combustible: Acceda ...","og_url":"https:\/\/tallermotorten.es\/index.php\/servicios\/","og_site_name":"Taller MotorTen","article_publisher":"https:\/\/www.facebook.com\/tallermotorten\/","article_modified_time":"2019-06-27T15:00:19+00:00","og_image":[{"url":"http:\/\/tallermotorten.es\/wp-content\/uploads\/2018\/09\/Serv01-300x225.jpg"}],"twitter_card":"summary_large_image","schema":{"@context":"https:\/\/schema.org","@graph":[{"@type":"WebSite","@id":"https:\/\/tallermotorten.es\/#website","url":"https:\/\/tallermotorten.es\/","name":"Taller MotorTen","description":"Taller Mec\u00e1nico para su veh\u00edculo","potentialAction":[{"@type":"SearchAction","target":{"@type":"EntryPoint","urlTemplate":"https:\/\/tallermotorten.es\/?s={search_term_string}"},"query-input":"required name=search_term_string"}],"inLanguage":"en-US"},{"@type":"ImageObject","@id":"https:\/\/tallermotorten.es\/index.php\/servicios\/#primaryimage","inLanguage":"en-US","url":"http:\/\/tallermotorten.es\/wp-content\/uploads\/2018\/09\/Serv01-300x225.jpg","contentUrl":"http:\/\/tallermotorten.es\/wp-content\/uploads\/2018\/09\/Serv01-300x225.jpg"},{"@type":"WebPage","@id":"https:\/\/tallermotorten.es\/index.php\/servicios\/#webpage","url":"https:\/\/tallermotorten.es\/index.php\/servicios\/","name":"Servicios - Taller MotorTen","isPartOf":{"@id":"https:\/\/tallermotorten.es\/#website"},"primaryImageOfPage":{"@id":"https:\/\/tallermotorten.es\/index.php\/servicios\/#primaryimage"},"datePublished":"2018-06-04T21:42:08+00:00","dateModified":"2019-06-27T15:00:19+00:00","breadcrumb":{"@id":"https:\/\/tallermotorten.es\/index.php\/servicios\/#breadcrumb"},"inLanguage":"en-US","potentialAction":[{"@type":"ReadAction","target":["https:\/\/tallermotorten.es\/index.php\/servicios\/"]}]},{"@type":"BreadcrumbList","@id":"https:\/\/tallermotorten.es\/index.php\/servicios\/#breadcrumb","itemListElement":[{"@type":"ListItem","position":1,"name":"Portada","item":"https:\/\/tallermotorten.es\/"},{"@type":"ListItem","position":2,"name":"Servicios"}]}]}},"_links":{"self":[{"href":"https:\/\/tallermotorten.es\/index.php\/wp-json\/wp\/v2\/pages\/8"}],"collection":[{"href":"https:\/\/tallermotorten.es\/index.php\/wp-json\/wp\/v2\/pages"}],"about":[{"href":"https:\/\/tallermotorten.es\/index.php\/wp-json\/wp\/v2\/types\/page"}],"author":[{"embeddable":true,"href":"https:\/\/tallermotorten.es\/index.php\/wp-json\/wp\/v2\/users\/1"}],"replies":[{"embeddable":true,"href":"https:\/\/tallermotorten.es\/index.php\/wp-json\/wp\/v2\/comments?post=8"}],"version-history":[{"count":11,"href":"https:\/\/tallermotorten.es\/index.php\/wp-json\/wp\/v2\/pages\/8\/revisions"}],"predecessor-version":[{"id":150,"href":"https:\/\/tallermotorten.es\/index.php\/wp-json\/wp\/v2\/pages\/8\/revisions\/150"}],"wp:attachment":[{"href":"https:\/\/tallermotorten.es\/index.php\/wp-json\/wp\/v2\/media?parent=8"}],"curies":[{"name":"wp","href":"https:\/\/api.w.org\/{rel}","templated":true}]}}