{"id":79,"date":"2018-08-17T15:38:40","date_gmt":"2018-08-17T15:38:40","guid":{"rendered":"http:\/\/tallermotorten.es\/?page_id=79"},"modified":"2021-02-08T11:08:49","modified_gmt":"2021-02-08T11:08:49","slug":"contacto","status":"publish","type":"page","link":"https:\/\/tallermotorten.es\/index.php\/contacto\/","title":{"rendered":"Contacto"},"content":{"rendered":"\t\t<div data-elementor-type=\"wp-post\" data-elementor-id=\"79\" class=\"elementor elementor-79\" data-elementor-settings=\"[]\">\n\t\t\t\t\t\t<div class=\"elementor-inner\">\n\t\t\t\t\t\t\t<div class=\"elementor-section-wrap\">\n\t\t\t\t\t\t\t<section class=\"elementor-section elementor-top-section elementor-element elementor-element-7a2c7e elementor-section-boxed elementor-section-height-default elementor-section-height-default\" data-id=\"7a2c7e\" data-element_type=\"section\">\n\t\t\t\t\t\t<div class=\"elementor-container elementor-column-gap-default\">\n\t\t\t\t\t\t\t<div class=\"elementor-row\">\n\t\t\t\t\t<div class=\"elementor-column elementor-col-50 elementor-top-column elementor-element elementor-element-7568c3c0\" data-id=\"7568c3c0\" data-element_type=\"column\">\n\t\t\t<div class=\"elementor-column-wrap elementor-element-populated\">\n\t\t\t\t\t\t\t<div class=\"elementor-widget-wrap\">\n\t\t\t\t\t\t<div class=\"elementor-element elementor-element-4d4f452e elementor-widget elementor-widget-text-editor\" data-id=\"4d4f452e\" data-element_type=\"widget\" data-widget_type=\"text-editor.default\">\n\t\t\t\t<div class=\"elementor-widget-container\">\n\t\t\t\t\t<div class=\"elementor-text-editor elementor-clearfix\"><p><!-- wp:heading --><\/p>\n<h3><span style=\"color: #808080;\">Estamos en esta direcci\u00f3n<\/span><\/h3>\n<p><span style=\"color: #000000;\"><!-- \/wp:heading --><!-- wp:heading {\"level\":3} --><\/span><\/p>\n<h4><span style=\"color: #000000;\">Avda Constituci\u00f3n, 54<\/span><\/h4>\n<p><span style=\"color: #000000;\"><!-- \/wp:heading --><!-- wp:heading {\"level\":3} --><\/span><\/p>\n<h4><span style=\"color: #000000;\">24191 San Andr\u00e9s del Rabanedo<\/span><\/h4>\n<h3><span style=\"color: #000000;\">Tfno: 657 14 74 64 &#8211; 987 64 80 76<\/span><\/h3>\n<p><span style=\"color: #000000;\"><!-- \/wp:heading --><!-- wp:heading {\"level\":5} --><\/span><\/p>\n<h5><span style=\"color: #000000;\">Entre Trobajo del Camino y San Andr\u00e9s del Rabanedo\u00a0<\/span><\/h5>\n<h3>Horario<\/h3>\n<div>\u00a0De lunes a viernes de 9:30 &#8211; 13:30 y de 15:30 &#8211; 19:30<\/div>\n<p><!-- \/wp:heading --><\/p><\/div>\n\t\t\t\t<\/div>\n\t\t\t\t<\/div>\n\t\t\t\t\t\t<\/div>\n\t\t\t\t\t<\/div>\n\t\t<\/div>\n\t\t\t\t<div class=\"elementor-column elementor-col-50 elementor-top-column elementor-element elementor-element-2f9caf99\" data-id=\"2f9caf99\" data-element_type=\"column\">\n\t\t\t<div class=\"elementor-column-wrap elementor-element-populated\">\n\t\t\t\t\t\t\t<div class=\"elementor-widget-wrap\">\n\t\t\t\t\t\t<div class=\"elementor-element elementor-element-52b7a0a9 elementor-widget elementor-widget-text-editor\" data-id=\"52b7a0a9\" data-element_type=\"widget\" data-widget_type=\"text-editor.default\">\n\t\t\t\t<div class=\"elementor-widget-container\">\n\t\t\t\t\t<div class=\"elementor-text-editor elementor-clearfix\"><h3><span style=\"color: #000000;\">Formulario de Contacto<\/span><\/h3><\/div>\n\t\t\t\t<\/div>\n\t\t\t\t<\/div>\n\t\t\t\t<div class=\"elementor-element elementor-element-22e61680 elementor-widget elementor-widget-shortcode\" data-id=\"22e61680\" data-element_type=\"widget\" data-widget_type=\"shortcode.default\">\n\t\t\t\t<div class=\"elementor-widget-container\">\n\t\t\t\t\t<div class=\"elementor-shortcode\"><div class=\"wpforms-container wpforms-container-full\" id=\"wpforms-97\"><form id=\"wpforms-form-97\" class=\"wpforms-validate wpforms-form\" data-formid=\"97\" method=\"post\" enctype=\"multipart\/form-data\" action=\"\/index.php\/wp-json\/wp\/v2\/pages\/79\" data-token=\"c6bc3a71324b0c32a7a05973fe379044\"><noscript class=\"wpforms-error-noscript\">Please enable JavaScript in your browser to complete this form.<\/noscript><div class=\"wpforms-field-container\"><div id=\"wpforms-97-field_0-container\" class=\"wpforms-field wpforms-field-name\" data-field-id=\"0\"><label class=\"wpforms-field-label\" for=\"wpforms-97-field_0\">Nombre <span class=\"wpforms-required-label\">*<\/span><\/label><input type=\"text\" id=\"wpforms-97-field_0\" class=\"wpforms-field-medium wpforms-field-required\" name=\"wpforms[fields][0]\" required><\/div><div id=\"wpforms-97-field_1-container\" class=\"wpforms-field wpforms-field-email\" data-field-id=\"1\"><label class=\"wpforms-field-label\" for=\"wpforms-97-field_1\">Email <span class=\"wpforms-required-label\">*<\/span><\/label><input type=\"email\" id=\"wpforms-97-field_1\" class=\"wpforms-field-medium wpforms-field-required\" name=\"wpforms[fields][1]\" required><\/div><div id=\"wpforms-97-field_3-container\" class=\"wpforms-field wpforms-field-number\" data-field-id=\"3\"><label class=\"wpforms-field-label\" for=\"wpforms-97-field_3\">Telefono <span class=\"wpforms-required-label\">*<\/span><\/label><input type=\"number\" pattern=\"\\d*\" id=\"wpforms-97-field_3\" class=\"wpforms-field-medium wpforms-field-required\" name=\"wpforms[fields][3]\" required><\/div><div id=\"wpforms-97-field_2-container\" class=\"wpforms-field wpforms-field-textarea\" data-field-id=\"2\"><label class=\"wpforms-field-label\" for=\"wpforms-97-field_2\">Mensaje <span class=\"wpforms-required-label\">*<\/span><\/label><textarea id=\"wpforms-97-field_2\" class=\"wpforms-field-medium wpforms-field-required\" name=\"wpforms[fields][2]\" required><\/textarea><\/div><\/div><div class=\"wpforms-field wpforms-field-hp\"><label for=\"wpforms-97-field-hp\" class=\"wpforms-field-label\">Name<\/label><input type=\"text\" name=\"wpforms[hp]\" id=\"wpforms-97-field-hp\" class=\"wpforms-field-medium\"><\/div><div class=\"wpforms-submit-container\" ><input type=\"hidden\" name=\"wpforms[id]\" value=\"97\"><input type=\"hidden\" name=\"wpforms[author]\" value=\"1\"><button type=\"submit\" name=\"wpforms[submit]\" class=\"wpforms-submit \" id=\"wpforms-submit-97\" value=\"wpforms-submit\" aria-live=\"assertive\" data-alt-text=\"Enviando...\" data-submit-text=\"Enviar\">Enviar<\/button><\/div><\/form><\/div>  <!-- .wpforms-container --><\/div>\n\t\t\t\t<\/div>\n\t\t\t\t<\/div>\n\t\t\t\t\t\t<\/div>\n\t\t\t\t\t<\/div>\n\t\t<\/div>\n\t\t\t\t\t\t\t\t<\/div>\n\t\t\t\t\t<\/div>\n\t\t<\/section>\n\t\t\t\t<section class=\"elementor-section elementor-top-section elementor-element elementor-element-1397b0d4 elementor-section-boxed elementor-section-height-default elementor-section-height-default\" data-id=\"1397b0d4\" data-element_type=\"section\">\n\t\t\t\t\t\t<div class=\"elementor-container elementor-column-gap-default\">\n\t\t\t\t\t\t\t<div class=\"elementor-row\">\n\t\t\t\t\t<div class=\"elementor-column elementor-col-100 elementor-top-column elementor-element elementor-element-294c5189\" data-id=\"294c5189\" data-element_type=\"column\">\n\t\t\t<div class=\"elementor-column-wrap elementor-element-populated\">\n\t\t\t\t\t\t\t<div class=\"elementor-widget-wrap\">\n\t\t\t\t\t\t<div class=\"elementor-element elementor-element-7fb5f619 elementor-widget elementor-widget-google_maps\" data-id=\"7fb5f619\" data-element_type=\"widget\" data-widget_type=\"google_maps.default\">\n\t\t\t\t<div class=\"elementor-widget-container\">\n\t\t\t<div class=\"elementor-custom-embed\"><iframe frameborder=\"0\" scrolling=\"no\" marginheight=\"0\" marginwidth=\"0\" src=\"https:\/\/maps.google.com\/maps?q=Av%20Constituci%C3%B3n%2C%2054%20San%20Andr%C3%A9s%20del%20Rabanedo&amp;t=m&amp;z=14&amp;output=embed&amp;iwloc=near\" title=\"Av Constituci\u00f3n, 54 San Andr\u00e9s del Rabanedo\" aria-label=\"Av Constituci\u00f3n, 54 San Andr\u00e9s del Rabanedo\"><\/iframe><\/div>\t\t<\/div>\n\t\t\t\t<\/div>\n\t\t\t\t\t\t<\/div>\n\t\t\t\t\t<\/div>\n\t\t<\/div>\n\t\t\t\t\t\t\t\t<\/div>\n\t\t\t\t\t<\/div>\n\t\t<\/section>\n\t\t\t\t\t\t<\/div>\n\t\t\t\t\t\t<\/div>\n\t\t\t\t\t<\/div>\n\t\t","protected":false},"excerpt":{"rendered":"<p>Estamos en esta direcci\u00f3n Avda Constituci\u00f3n, 54 24191 San Andr\u00e9s del Rabanedo Tfno: 657 14 74 64 &#8211; 987 64 80 76 Entre Trobajo del Camino y San Andr\u00e9s del Rabanedo\u00a0 Horario \u00a0De lunes a viernes de 9:30 &#8211; 13:30 y de 15:30 &#8211; 19:30 Formulario de Contacto<\/p>\n","protected":false},"author":1,"featured_media":0,"parent":0,"menu_order":0,"comment_status":"closed","ping_status":"closed","template":"","meta":[],"yoast_head":"<!-- This site is optimized with the Yoast SEO plugin v18.4.1 - https:\/\/yoast.com\/wordpress\/plugins\/seo\/ -->\n<title>Contacto - Taller MotorTen<\/title>\n<meta name=\"robots\" content=\"index, follow, max-snippet:-1, max-image-preview:large, max-video-preview:-1\" \/>\n<link rel=\"canonical\" href=\"https:\/\/tallermotorten.es\/index.php\/contacto\/\" \/>\n<meta property=\"og:locale\" content=\"en_US\" \/>\n<meta property=\"og:type\" content=\"article\" \/>\n<meta property=\"og:title\" content=\"Contacto - Taller MotorTen\" \/>\n<meta property=\"og:description\" content=\"Estamos en esta direcci\u00f3n Avda Constituci\u00f3n, 54 24191 San Andr\u00e9s del Rabanedo Tfno: 657 14 74 64 &#8211; 987 64 80 76 Entre Trobajo del Camino y San Andr\u00e9s del Rabanedo\u00a0 Horario \u00a0De lunes a viernes de 9:30 &#8211; 13:30 y de 15:30 &#8211; 19:30 Formulario de Contacto\" \/>\n<meta property=\"og:url\" content=\"https:\/\/tallermotorten.es\/index.php\/contacto\/\" \/>\n<meta property=\"og:site_name\" content=\"Taller MotorTen\" \/>\n<meta property=\"article:publisher\" content=\"https:\/\/www.facebook.com\/tallermotorten\/\" \/>\n<meta property=\"article:modified_time\" content=\"2021-02-08T11:08:49+00:00\" \/>\n<meta name=\"twitter:card\" content=\"summary_large_image\" \/>\n<meta name=\"twitter:label1\" content=\"Est. reading time\" \/>\n\t<meta name=\"twitter:data1\" content=\"1 minute\" \/>\n<script type=\"application\/ld+json\" class=\"yoast-schema-graph\">{\"@context\":\"https:\/\/schema.org\",\"@graph\":[{\"@type\":\"WebSite\",\"@id\":\"https:\/\/tallermotorten.es\/#website\",\"url\":\"https:\/\/tallermotorten.es\/\",\"name\":\"Taller MotorTen\",\"description\":\"Taller Mec\u00e1nico para su veh\u00edculo\",\"potentialAction\":[{\"@type\":\"SearchAction\",\"target\":{\"@type\":\"EntryPoint\",\"urlTemplate\":\"https:\/\/tallermotorten.es\/?s={search_term_string}\"},\"query-input\":\"required name=search_term_string\"}],\"inLanguage\":\"en-US\"},{\"@type\":\"WebPage\",\"@id\":\"https:\/\/tallermotorten.es\/index.php\/contacto\/#webpage\",\"url\":\"https:\/\/tallermotorten.es\/index.php\/contacto\/\",\"name\":\"Contacto - Taller MotorTen\",\"isPartOf\":{\"@id\":\"https:\/\/tallermotorten.es\/#website\"},\"datePublished\":\"2018-08-17T15:38:40+00:00\",\"dateModified\":\"2021-02-08T11:08:49+00:00\",\"breadcrumb\":{\"@id\":\"https:\/\/tallermotorten.es\/index.php\/contacto\/#breadcrumb\"},\"inLanguage\":\"en-US\",\"potentialAction\":[{\"@type\":\"ReadAction\",\"target\":[\"https:\/\/tallermotorten.es\/index.php\/contacto\/\"]}]},{\"@type\":\"BreadcrumbList\",\"@id\":\"https:\/\/tallermotorten.es\/index.php\/contacto\/#breadcrumb\",\"itemListElement\":[{\"@type\":\"ListItem\",\"position\":1,\"name\":\"Portada\",\"item\":\"https:\/\/tallermotorten.es\/\"},{\"@type\":\"ListItem\",\"position\":2,\"name\":\"Contacto\"}]}]}<\/script>\n<!-- \/ Yoast SEO plugin. -->","yoast_head_json":{"title":"Contacto - Taller MotorTen","robots":{"index":"index","follow":"follow","max-snippet":"max-snippet:-1","max-image-preview":"max-image-preview:large","max-video-preview":"max-video-preview:-1"},"canonical":"https:\/\/tallermotorten.es\/index.php\/contacto\/","og_locale":"en_US","og_type":"article","og_title":"Contacto - Taller MotorTen","og_description":"Estamos en esta direcci\u00f3n Avda Constituci\u00f3n, 54 24191 San Andr\u00e9s del Rabanedo Tfno: 657 14 74 64 &#8211; 987 64 80 76 Entre Trobajo del Camino y San Andr\u00e9s del Rabanedo\u00a0 Horario \u00a0De lunes a viernes de 9:30 &#8211; 13:30 y de 15:30 &#8211; 19:30 Formulario de Contacto","og_url":"https:\/\/tallermotorten.es\/index.php\/contacto\/","og_site_name":"Taller MotorTen","article_publisher":"https:\/\/www.facebook.com\/tallermotorten\/","article_modified_time":"2021-02-08T11:08:49+00:00","twitter_card":"summary_large_image","twitter_misc":{"Est. reading time":"1 minute"},"schema":{"@context":"https:\/\/schema.org","@graph":[{"@type":"WebSite","@id":"https:\/\/tallermotorten.es\/#website","url":"https:\/\/tallermotorten.es\/","name":"Taller MotorTen","description":"Taller Mec\u00e1nico para su veh\u00edculo","potentialAction":[{"@type":"SearchAction","target":{"@type":"EntryPoint","urlTemplate":"https:\/\/tallermotorten.es\/?s={search_term_string}"},"query-input":"required name=search_term_string"}],"inLanguage":"en-US"},{"@type":"WebPage","@id":"https:\/\/tallermotorten.es\/index.php\/contacto\/#webpage","url":"https:\/\/tallermotorten.es\/index.php\/contacto\/","name":"Contacto - Taller MotorTen","isPartOf":{"@id":"https:\/\/tallermotorten.es\/#website"},"datePublished":"2018-08-17T15:38:40+00:00","dateModified":"2021-02-08T11:08:49+00:00","breadcrumb":{"@id":"https:\/\/tallermotorten.es\/index.php\/contacto\/#breadcrumb"},"inLanguage":"en-US","potentialAction":[{"@type":"ReadAction","target":["https:\/\/tallermotorten.es\/index.php\/contacto\/"]}]},{"@type":"BreadcrumbList","@id":"https:\/\/tallermotorten.es\/index.php\/contacto\/#breadcrumb","itemListElement":[{"@type":"ListItem","position":1,"name":"Portada","item":"https:\/\/tallermotorten.es\/"},{"@type":"ListItem","position":2,"name":"Contacto"}]}]}},"_links":{"self":[{"href":"https:\/\/tallermotorten.es\/index.php\/wp-json\/wp\/v2\/pages\/79"}],"collection":[{"href":"https:\/\/tallermotorten.es\/index.php\/wp-json\/wp\/v2\/pages"}],"about":[{"href":"https:\/\/tallermotorten.es\/index.php\/wp-json\/wp\/v2\/types\/page"}],"author":[{"embeddable":true,"href":"https:\/\/tallermotorten.es\/index.php\/wp-json\/wp\/v2\/users\/1"}],"replies":[{"embeddable":true,"href":"https:\/\/tallermotorten.es\/index.php\/wp-json\/wp\/v2\/comments?post=79"}],"version-history":[{"count":14,"href":"https:\/\/tallermotorten.es\/index.php\/wp-json\/wp\/v2\/pages\/79\/revisions"}],"predecessor-version":[{"id":164,"href":"https:\/\/tallermotorten.es\/index.php\/wp-json\/wp\/v2\/pages\/79\/revisions\/164"}],"wp:attachment":[{"href":"https:\/\/tallermotorten.es\/index.php\/wp-json\/wp\/v2\/media?parent=79"}],"curies":[{"name":"wp","href":"https:\/\/api.w.org\/{rel}","templated":true}]}}