{"id":27,"date":"2018-06-04T22:43:18","date_gmt":"2018-06-04T22:43:18","guid":{"rendered":"http:\/\/tallermotorten.es\/?page_id=27"},"modified":"2019-05-04T15:59:20","modified_gmt":"2019-05-04T15:59:20","slug":"nuestro-taller","status":"publish","type":"page","link":"https:\/\/tallermotorten.es\/index.php\/nuestro-taller\/","title":{"rendered":"Su taller de confianza"},"content":{"rendered":"\t\t<div data-elementor-type=\"wp-post\" data-elementor-id=\"27\" class=\"elementor elementor-27\" data-elementor-settings=\"[]\">\n\t\t\t\t\t\t<div class=\"elementor-inner\">\n\t\t\t\t\t\t\t<div class=\"elementor-section-wrap\">\n\t\t\t\t\t\t\t<section class=\"elementor-section elementor-top-section elementor-element elementor-element-a1a2989 elementor-section-full_width elementor-section-height-default elementor-section-height-default\" data-id=\"a1a2989\" data-element_type=\"section\">\n\t\t\t\t\t\t<div class=\"elementor-container elementor-column-gap-default\">\n\t\t\t\t\t\t\t<div class=\"elementor-row\">\n\t\t\t\t\t<div class=\"elementor-column elementor-col-100 elementor-top-column elementor-element elementor-element-f9a48c1\" data-id=\"f9a48c1\" data-element_type=\"column\">\n\t\t\t<div class=\"elementor-column-wrap elementor-element-populated\">\n\t\t\t\t\t\t\t<div class=\"elementor-widget-wrap\">\n\t\t\t\t\t\t<div class=\"elementor-element elementor-element-b486b44 elementor-widget elementor-widget-heading\" data-id=\"b486b44\" data-element_type=\"widget\" data-widget_type=\"heading.default\">\n\t\t\t\t<div class=\"elementor-widget-container\">\n\t\t\t<h2 class=\"elementor-heading-title elementor-size-default\">Su taller de confianza<\/h2>\t\t<\/div>\n\t\t\t\t<\/div>\n\t\t\t\t<div class=\"elementor-element elementor-element-0cdec5c elementor-widget elementor-widget-text-editor\" data-id=\"0cdec5c\" data-element_type=\"widget\" data-widget_type=\"text-editor.default\">\n\t\t\t\t<div class=\"elementor-widget-container\">\n\t\t\t\t\t<div class=\"elementor-text-editor elementor-clearfix\"><h4><span style=\"color: #000000;\">MotorTen somos un taller mec\u00e1nico donde podemos realizar cualquier reparaci\u00f3n y mantenimiento peri\u00f3dico de su veh\u00edculo, con la m\u00e1xima fiabilidad y a un precio muy competitivo.<\/span><\/h4>\n<h4><span style=\"color: #000000;\">Disponemos de todos los equipos y materiales necesarios para la correcta supervisi\u00f3n, reparaci\u00f3n y mantenimiento de su veh\u00edculo.<\/span><\/h4>\n<h4><span style=\"color: #000000;\"><!-- \/wp:paragraph --><\/span><\/h4>\n<h4><span style=\"color: #000000;\"><!-- wp:paragraph --><\/span><\/h4>\n<h4><span style=\"color: #000000;\">Somos un taller instalador autorizado de autogas GLP. Puede obtener un ahorro considerable en combustible.<\/span><\/h4>\n<p style=\"text-align: left; padding-left: 330px;\">\u00a0<\/p><\/div>\n\t\t\t\t<\/div>\n\t\t\t\t<\/div>\n\t\t\t\t<div class=\"elementor-element elementor-element-b1c419d elementor-widget elementor-widget-image\" data-id=\"b1c419d\" data-element_type=\"widget\" data-widget_type=\"image.default\">\n\t\t\t\t<div class=\"elementor-widget-container\">\n\t\t\t\t\t<div class=\"elementor-image\">\n\t\t\t\t\t\t\t\t\t\t<img width=\"500\" height=\"353\" src=\"https:\/\/tallermotorten.es\/wp-content\/uploads\/2018\/05\/motortenGLPFinal-500x353.jpg\" class=\"attachment-awb_sm size-awb_sm\" alt=\"\" loading=\"lazy\" srcset=\"https:\/\/tallermotorten.es\/wp-content\/uploads\/2018\/05\/motortenGLPFinal-500x353.jpg 500w, https:\/\/tallermotorten.es\/wp-content\/uploads\/2018\/05\/motortenGLPFinal-300x212.jpg 300w, https:\/\/tallermotorten.es\/wp-content\/uploads\/2018\/05\/motortenGLPFinal-768x543.jpg 768w, https:\/\/tallermotorten.es\/wp-content\/uploads\/2018\/05\/motortenGLPFinal-1024x724.jpg 1024w, https:\/\/tallermotorten.es\/wp-content\/uploads\/2018\/05\/motortenGLPFinal-800x566.jpg 800w, https:\/\/tallermotorten.es\/wp-content\/uploads\/2018\/05\/motortenGLPFinal-1280x905.jpg 1280w, https:\/\/tallermotorten.es\/wp-content\/uploads\/2018\/05\/motortenGLPFinal.jpg 1488w\" sizes=\"(max-width: 500px) 100vw, 500px\" \/>\t\t\t\t\t\t\t\t\t\t\t<\/div>\n\t\t\t\t<\/div>\n\t\t\t\t<\/div>\n\t\t\t\t\t\t<\/div>\n\t\t\t\t\t<\/div>\n\t\t<\/div>\n\t\t\t\t\t\t\t\t<\/div>\n\t\t\t\t\t<\/div>\n\t\t<\/section>\n\t\t\t\t<section class=\"elementor-section elementor-top-section elementor-element elementor-element-62e4dfa elementor-section-full_width elementor-section-height-default elementor-section-height-default\" data-id=\"62e4dfa\" data-element_type=\"section\">\n\t\t\t\t\t\t<div class=\"elementor-container elementor-column-gap-default\">\n\t\t\t\t\t\t\t<div class=\"elementor-row\">\n\t\t\t\t\t<div class=\"elementor-column elementor-col-100 elementor-top-column elementor-element elementor-element-64971e1\" data-id=\"64971e1\" data-element_type=\"column\">\n\t\t\t<div class=\"elementor-column-wrap elementor-element-populated\">\n\t\t\t\t\t\t\t<div class=\"elementor-widget-wrap\">\n\t\t\t\t\t\t<section class=\"elementor-section elementor-inner-section elementor-element elementor-element-f6be53e elementor-section-full_width elementor-section-height-default elementor-section-height-default\" data-id=\"f6be53e\" data-element_type=\"section\" id=\"servicios\">\n\t\t\t\t\t\t<div class=\"elementor-container elementor-column-gap-default\">\n\t\t\t\t\t\t\t<div class=\"elementor-row\">\n\t\t\t\t\t<div class=\"elementor-column elementor-col-33 elementor-inner-column elementor-element elementor-element-bf0afe4\" data-id=\"bf0afe4\" data-element_type=\"column\">\n\t\t\t<div class=\"elementor-column-wrap\">\n\t\t\t\t\t\t\t<div class=\"elementor-widget-wrap\">\n\t\t\t\t\t\t\t\t<\/div>\n\t\t\t\t\t<\/div>\n\t\t<\/div>\n\t\t\t\t<div class=\"elementor-column elementor-col-66 elementor-inner-column elementor-element elementor-element-7178e76\" data-id=\"7178e76\" data-element_type=\"column\">\n\t\t\t<div class=\"elementor-column-wrap elementor-element-populated\">\n\t\t\t\t\t\t\t<div class=\"elementor-widget-wrap\">\n\t\t\t\t\t\t<div class=\"elementor-element elementor-element-566ce53 elementor-widget elementor-widget-toggle\" data-id=\"566ce53\" data-element_type=\"widget\" data-widget_type=\"toggle.default\">\n\t\t\t\t<div class=\"elementor-widget-container\">\n\t\t\t\t\t<div class=\"elementor-toggle\" role=\"tablist\">\n\t\t\t\t\t\t\t<div class=\"elementor-toggle-item\">\n\t\t\t\t\t<div id=\"elementor-tab-title-9061\" class=\"elementor-tab-title\" data-tab=\"1\" role=\"tab\" aria-controls=\"elementor-tab-content-9061\">\n\t\t\t\t\t\t\t\t\t\t\t\t<span class=\"elementor-toggle-icon elementor-toggle-icon-left\" aria-hidden=\"true\">\n\t\t\t\t\t\t\t\t\t\t\t\t\t\t\t<i class=\"elementor-toggle-icon-closed fa fa-caret-right\"><\/i>\n\t\t\t\t\t\t\t\t<i class=\"elementor-toggle-icon-opened fa fa-caret-up\"><\/i>\n\t\t\t\t\t\t\t\t\t\t\t\t\t<\/span>\n\t\t\t\t\t\t\t\t\t\t\t\t<a href=\"\" class=\"elementor-toggle-title\">Revisiones peri\u00f3dicas<\/a>\n\t\t\t\t\t<\/div>\n\t\t\t\t\t<div id=\"elementor-tab-content-9061\" class=\"elementor-tab-content elementor-clearfix\" data-tab=\"1\" role=\"tabpanel\" aria-labelledby=\"elementor-tab-title-9061\"><p style=\"padding-left: 90px;\"><img loading=\"lazy\" class=\"alignright wp-image-86\" src=\"http:\/\/tallermotorten.es\/wp-content\/uploads\/2018\/09\/Serv01-300x225.jpg\" alt=\"Mec\u00e1nica General\" width=\"240\" height=\"180\" srcset=\"https:\/\/tallermotorten.es\/wp-content\/uploads\/2018\/09\/Serv01-300x225.jpg 300w, https:\/\/tallermotorten.es\/wp-content\/uploads\/2018\/09\/Serv01.jpg 400w\" sizes=\"(max-width: 240px) 100vw, 240px\" \/>Realizamos cualquier tipo de revisi\u00f3n peri\u00f3dica del veh\u00edculo, as\u00ed como revisiones pre-ITV con la m\u00e1xima fiabilidad.<\/p><p style=\"padding-left: 90px;\">En MotorTen disponemos de las herramientas necesarias para que pase la ITV a la primera y sin ning\u00fan problema. Adem\u00e1s puede solicitar que nuestros profesionales acudan por usted a la Inspecci\u00f3n T\u00e9cnica de Veh\u00edculos.<\/p><\/div>\n\t\t\t\t<\/div>\n\t\t\t\t\t\t\t<div class=\"elementor-toggle-item\">\n\t\t\t\t\t<div id=\"elementor-tab-title-9062\" class=\"elementor-tab-title\" data-tab=\"2\" role=\"tab\" aria-controls=\"elementor-tab-content-9062\">\n\t\t\t\t\t\t\t\t\t\t\t\t<span class=\"elementor-toggle-icon elementor-toggle-icon-left\" aria-hidden=\"true\">\n\t\t\t\t\t\t\t\t\t\t\t\t\t\t\t<i class=\"elementor-toggle-icon-closed fa fa-caret-right\"><\/i>\n\t\t\t\t\t\t\t\t<i class=\"elementor-toggle-icon-opened fa fa-caret-up\"><\/i>\n\t\t\t\t\t\t\t\t\t\t\t\t\t<\/span>\n\t\t\t\t\t\t\t\t\t\t\t\t<a href=\"\" class=\"elementor-toggle-title\">Electricidad del veh\u00edculo<\/a>\n\t\t\t\t\t<\/div>\n\t\t\t\t\t<div id=\"elementor-tab-content-9062\" class=\"elementor-tab-content elementor-clearfix\" data-tab=\"2\" role=\"tabpanel\" aria-labelledby=\"elementor-tab-title-9062\"><p><img loading=\"lazy\" class=\"alignleft size-medium wp-image-122\" src=\"http:\/\/tallermotorten.es\/wp-content\/uploads\/2018\/10\/electronica2-300x145.jpg\" alt=\"Electricidad automotriz\" width=\"300\" height=\"145\" srcset=\"https:\/\/tallermotorten.es\/wp-content\/uploads\/2018\/10\/electronica2-300x145.jpg 300w, https:\/\/tallermotorten.es\/wp-content\/uploads\/2018\/10\/electronica2-768x371.jpg 768w, https:\/\/tallermotorten.es\/wp-content\/uploads\/2018\/10\/electronica2-1024x495.jpg 1024w, https:\/\/tallermotorten.es\/wp-content\/uploads\/2018\/10\/electronica2.jpg 1280w\" sizes=\"(max-width: 300px) 100vw, 300px\" \/>La electricidad automotriz es uno de nuestras especialidades.<\/p><p>Revisamos y reparamos todos los elementos electricos de su automovil. Arranques, alternadores, luces y circuitos el\u00e9ctricos.\u00a0<\/p><\/div>\n\t\t\t\t<\/div>\n\t\t\t\t\t\t\t<div class=\"elementor-toggle-item\">\n\t\t\t\t\t<div id=\"elementor-tab-title-9063\" class=\"elementor-tab-title\" data-tab=\"3\" role=\"tab\" aria-controls=\"elementor-tab-content-9063\">\n\t\t\t\t\t\t\t\t\t\t\t\t<span class=\"elementor-toggle-icon elementor-toggle-icon-left\" aria-hidden=\"true\">\n\t\t\t\t\t\t\t\t\t\t\t\t\t\t\t<i class=\"elementor-toggle-icon-closed fa fa-caret-right\"><\/i>\n\t\t\t\t\t\t\t\t<i class=\"elementor-toggle-icon-opened fa fa-caret-up\"><\/i>\n\t\t\t\t\t\t\t\t\t\t\t\t\t<\/span>\n\t\t\t\t\t\t\t\t\t\t\t\t<a href=\"\" class=\"elementor-toggle-title\">Elementos de Seguridad<\/a>\n\t\t\t\t\t<\/div>\n\t\t\t\t\t<div id=\"elementor-tab-content-9063\" class=\"elementor-tab-content elementor-clearfix\" data-tab=\"3\" role=\"tabpanel\" aria-labelledby=\"elementor-tab-title-9063\"><p style=\"padding-left: 30px;\">En MotorTen su seguridad es nuestra m\u00e1xima prioridad.<\/p><p style=\"padding-left: 30px;\">Elementos esenciales como frenos, amortiguadores, ruedas pueden ser revisados y mantenidos con la m\u00e1xima profesionalidad.<\/p><\/div>\n\t\t\t\t<\/div>\n\t\t\t\t\t<\/div>\n\t\t\t\t<\/div>\n\t\t\t\t<\/div>\n\t\t\t\t\t\t<\/div>\n\t\t\t\t\t<\/div>\n\t\t<\/div>\n\t\t\t\t\t\t\t\t<\/div>\n\t\t\t\t\t<\/div>\n\t\t<\/section>\n\t\t\t\t\t\t<\/div>\n\t\t\t\t\t<\/div>\n\t\t<\/div>\n\t\t\t\t\t\t\t\t<\/div>\n\t\t\t\t\t<\/div>\n\t\t<\/section>\n\t\t\t\t\t\t<\/div>\n\t\t\t\t\t\t<\/div>\n\t\t\t\t\t<\/div>\n\t\t","protected":false},"excerpt":{"rendered":"<p>Su taller de confianza MotorTen somos un taller mec\u00e1nico donde podemos realizar cualquier reparaci\u00f3n y mantenimiento peri\u00f3dico de su veh\u00edculo, con la m\u00e1xima fiabilidad y a un precio muy competitivo. Disponemos de todos los equipos y materiales necesarios para la correcta supervisi\u00f3n, reparaci\u00f3n y mantenimiento de su veh\u00edculo. Somos un taller instalador autorizado de autogas <a href=\"https:\/\/tallermotorten.es\/index.php\/nuestro-taller\/\" class=\"more-link\">&#8230;<\/a><\/p>\n","protected":false},"author":1,"featured_media":0,"parent":0,"menu_order":0,"comment_status":"closed","ping_status":"closed","template":"elementor_header_footer","meta":[],"yoast_head":"<!-- This site is optimized with the Yoast SEO plugin v18.4.1 - https:\/\/yoast.com\/wordpress\/plugins\/seo\/ -->\n<title>Su taller de confianza - Taller MotorTen<\/title>\n<meta name=\"robots\" content=\"index, follow, max-snippet:-1, max-image-preview:large, max-video-preview:-1\" \/>\n<link rel=\"canonical\" href=\"https:\/\/tallermotorten.es\/index.php\/nuestro-taller\/\" \/>\n<meta property=\"og:locale\" content=\"en_US\" \/>\n<meta property=\"og:type\" content=\"article\" \/>\n<meta property=\"og:title\" content=\"Su taller de confianza - Taller MotorTen\" \/>\n<meta property=\"og:description\" content=\"Su taller de confianza MotorTen somos un taller mec\u00e1nico donde podemos realizar cualquier reparaci\u00f3n y mantenimiento peri\u00f3dico de su veh\u00edculo, con la m\u00e1xima fiabilidad y a un precio muy competitivo. Disponemos de todos los equipos y materiales necesarios para la correcta supervisi\u00f3n, reparaci\u00f3n y mantenimiento de su veh\u00edculo. Somos un taller instalador autorizado de autogas ...\" \/>\n<meta property=\"og:url\" content=\"https:\/\/tallermotorten.es\/index.php\/nuestro-taller\/\" \/>\n<meta property=\"og:site_name\" content=\"Taller MotorTen\" \/>\n<meta property=\"article:publisher\" content=\"https:\/\/www.facebook.com\/tallermotorten\/\" \/>\n<meta property=\"article:modified_time\" content=\"2019-05-04T15:59:20+00:00\" \/>\n<meta property=\"og:image\" content=\"http:\/\/tallermotorten.es\/wp-content\/uploads\/2018\/05\/motortenGLPFinal-500x353.jpg\" \/>\n<meta name=\"twitter:card\" content=\"summary_large_image\" \/>\n<meta name=\"twitter:label1\" content=\"Est. reading time\" \/>\n\t<meta name=\"twitter:data1\" content=\"1 minute\" \/>\n<script type=\"application\/ld+json\" class=\"yoast-schema-graph\">{\"@context\":\"https:\/\/schema.org\",\"@graph\":[{\"@type\":\"WebSite\",\"@id\":\"https:\/\/tallermotorten.es\/#website\",\"url\":\"https:\/\/tallermotorten.es\/\",\"name\":\"Taller MotorTen\",\"description\":\"Taller Mec\u00e1nico para su veh\u00edculo\",\"potentialAction\":[{\"@type\":\"SearchAction\",\"target\":{\"@type\":\"EntryPoint\",\"urlTemplate\":\"https:\/\/tallermotorten.es\/?s={search_term_string}\"},\"query-input\":\"required name=search_term_string\"}],\"inLanguage\":\"en-US\"},{\"@type\":\"ImageObject\",\"@id\":\"https:\/\/tallermotorten.es\/index.php\/nuestro-taller\/#primaryimage\",\"inLanguage\":\"en-US\",\"url\":\"http:\/\/tallermotorten.es\/wp-content\/uploads\/2018\/05\/motortenGLPFinal-500x353.jpg\",\"contentUrl\":\"http:\/\/tallermotorten.es\/wp-content\/uploads\/2018\/05\/motortenGLPFinal-500x353.jpg\"},{\"@type\":\"WebPage\",\"@id\":\"https:\/\/tallermotorten.es\/index.php\/nuestro-taller\/#webpage\",\"url\":\"https:\/\/tallermotorten.es\/index.php\/nuestro-taller\/\",\"name\":\"Su taller de confianza - Taller MotorTen\",\"isPartOf\":{\"@id\":\"https:\/\/tallermotorten.es\/#website\"},\"primaryImageOfPage\":{\"@id\":\"https:\/\/tallermotorten.es\/index.php\/nuestro-taller\/#primaryimage\"},\"datePublished\":\"2018-06-04T22:43:18+00:00\",\"dateModified\":\"2019-05-04T15:59:20+00:00\",\"breadcrumb\":{\"@id\":\"https:\/\/tallermotorten.es\/index.php\/nuestro-taller\/#breadcrumb\"},\"inLanguage\":\"en-US\",\"potentialAction\":[{\"@type\":\"ReadAction\",\"target\":[\"https:\/\/tallermotorten.es\/index.php\/nuestro-taller\/\"]}]},{\"@type\":\"BreadcrumbList\",\"@id\":\"https:\/\/tallermotorten.es\/index.php\/nuestro-taller\/#breadcrumb\",\"itemListElement\":[{\"@type\":\"ListItem\",\"position\":1,\"name\":\"Portada\",\"item\":\"https:\/\/tallermotorten.es\/\"},{\"@type\":\"ListItem\",\"position\":2,\"name\":\"Su taller de confianza\"}]}]}<\/script>\n<!-- \/ Yoast SEO plugin. -->","yoast_head_json":{"title":"Su taller de confianza - Taller MotorTen","robots":{"index":"index","follow":"follow","max-snippet":"max-snippet:-1","max-image-preview":"max-image-preview:large","max-video-preview":"max-video-preview:-1"},"canonical":"https:\/\/tallermotorten.es\/index.php\/nuestro-taller\/","og_locale":"en_US","og_type":"article","og_title":"Su taller de confianza - Taller MotorTen","og_description":"Su taller de confianza MotorTen somos un taller mec\u00e1nico donde podemos realizar cualquier reparaci\u00f3n y mantenimiento peri\u00f3dico de su veh\u00edculo, con la m\u00e1xima fiabilidad y a un precio muy competitivo. Disponemos de todos los equipos y materiales necesarios para la correcta supervisi\u00f3n, reparaci\u00f3n y mantenimiento de su veh\u00edculo. Somos un taller instalador autorizado de autogas ...","og_url":"https:\/\/tallermotorten.es\/index.php\/nuestro-taller\/","og_site_name":"Taller MotorTen","article_publisher":"https:\/\/www.facebook.com\/tallermotorten\/","article_modified_time":"2019-05-04T15:59:20+00:00","og_image":[{"url":"http:\/\/tallermotorten.es\/wp-content\/uploads\/2018\/05\/motortenGLPFinal-500x353.jpg"}],"twitter_card":"summary_large_image","twitter_misc":{"Est. reading time":"1 minute"},"schema":{"@context":"https:\/\/schema.org","@graph":[{"@type":"WebSite","@id":"https:\/\/tallermotorten.es\/#website","url":"https:\/\/tallermotorten.es\/","name":"Taller MotorTen","description":"Taller Mec\u00e1nico para su veh\u00edculo","potentialAction":[{"@type":"SearchAction","target":{"@type":"EntryPoint","urlTemplate":"https:\/\/tallermotorten.es\/?s={search_term_string}"},"query-input":"required name=search_term_string"}],"inLanguage":"en-US"},{"@type":"ImageObject","@id":"https:\/\/tallermotorten.es\/index.php\/nuestro-taller\/#primaryimage","inLanguage":"en-US","url":"http:\/\/tallermotorten.es\/wp-content\/uploads\/2018\/05\/motortenGLPFinal-500x353.jpg","contentUrl":"http:\/\/tallermotorten.es\/wp-content\/uploads\/2018\/05\/motortenGLPFinal-500x353.jpg"},{"@type":"WebPage","@id":"https:\/\/tallermotorten.es\/index.php\/nuestro-taller\/#webpage","url":"https:\/\/tallermotorten.es\/index.php\/nuestro-taller\/","name":"Su taller de confianza - Taller MotorTen","isPartOf":{"@id":"https:\/\/tallermotorten.es\/#website"},"primaryImageOfPage":{"@id":"https:\/\/tallermotorten.es\/index.php\/nuestro-taller\/#primaryimage"},"datePublished":"2018-06-04T22:43:18+00:00","dateModified":"2019-05-04T15:59:20+00:00","breadcrumb":{"@id":"https:\/\/tallermotorten.es\/index.php\/nuestro-taller\/#breadcrumb"},"inLanguage":"en-US","potentialAction":[{"@type":"ReadAction","target":["https:\/\/tallermotorten.es\/index.php\/nuestro-taller\/"]}]},{"@type":"BreadcrumbList","@id":"https:\/\/tallermotorten.es\/index.php\/nuestro-taller\/#breadcrumb","itemListElement":[{"@type":"ListItem","position":1,"name":"Portada","item":"https:\/\/tallermotorten.es\/"},{"@type":"ListItem","position":2,"name":"Su taller de confianza"}]}]}},"_links":{"self":[{"href":"https:\/\/tallermotorten.es\/index.php\/wp-json\/wp\/v2\/pages\/27"}],"collection":[{"href":"https:\/\/tallermotorten.es\/index.php\/wp-json\/wp\/v2\/pages"}],"about":[{"href":"https:\/\/tallermotorten.es\/index.php\/wp-json\/wp\/v2\/types\/page"}],"author":[{"embeddable":true,"href":"https:\/\/tallermotorten.es\/index.php\/wp-json\/wp\/v2\/users\/1"}],"replies":[{"embeddable":true,"href":"https:\/\/tallermotorten.es\/index.php\/wp-json\/wp\/v2\/comments?post=27"}],"version-history":[{"count":24,"href":"https:\/\/tallermotorten.es\/index.php\/wp-json\/wp\/v2\/pages\/27\/revisions"}],"predecessor-version":[{"id":142,"href":"https:\/\/tallermotorten.es\/index.php\/wp-json\/wp\/v2\/pages\/27\/revisions\/142"}],"wp:attachment":[{"href":"https:\/\/tallermotorten.es\/index.php\/wp-json\/wp\/v2\/media?parent=27"}],"curies":[{"name":"wp","href":"https:\/\/api.w.org\/{rel}","templated":true}]}}